{"id":991,"date":"2023-11-28T20:00:52","date_gmt":"2023-11-28T20:00:52","guid":{"rendered":"https:\/\/outofafricasweden.org\/?page_id=991"},"modified":"2026-03-03T14:01:58","modified_gmt":"2026-03-03T13:01:58","slug":"our-activities","status":"publish","type":"page","link":"https:\/\/outofafricasweden.org\/en\/our-activities\/","title":{"rendered":"Our Activities"},"content":{"rendered":"\t\t<div data-elementor-type=\"wp-page\" data-elementor-id=\"991\" class=\"elementor elementor-991\">\n\t\t\t\t<div class=\"elementor-element elementor-element-4333e0b e-flex e-con-boxed e-con e-parent\" data-id=\"4333e0b\" data-element_type=\"container\" data-e-type=\"container\">\n\t\t\t\t\t<div class=\"e-con-inner\">\n\t\t\t\t<div class=\"elementor-element elementor-element-65756a3 elementor-widget elementor-widget-shortcode\" data-id=\"65756a3\" data-element_type=\"widget\" data-e-type=\"widget\" data-widget_type=\"shortcode.default\">\n\t\t\t\t<div class=\"elementor-widget-container\">\n\t\t\t\t\t\t\t<div class=\"elementor-shortcode\">\n\n<!-- \n    Content retrieved by CogWork API\n    Host = minaaktiviteter\n    Content type = shop\n    JSON Data URL = https:\/\/minaaktiviteter.se\/api\/json\/?org=outofafrica&contentType=shop&new&listformat=grid&eventgroup1=Aktiviteter&lang=en&localUrl=https%3A%2F%2Foutofafricasweden.org%2Fen%2Fwp-json%2Fwp%2Fv2%2Fpages%2F991&localJsonEncodedRequest=%7B%22woocommerce-login-nonce%22%3Anull%2C%22_wpnonce%22%3Anull%2C%22woocommerce-reset-password-nonce%22%3Anull%7D\n-->\n<link rel=\"stylesheet\" href=\"https:\/\/minaaktiviteter.se\/files\/1367\/css\/theme.light.css\" type=\"text\/css\" media=\"all\" \/>\n<link rel=\"stylesheet\" href=\"https:\/\/minaaktiviteter.se\/files\/1367\/css\/lib.css\" type=\"text\/css\" media=\"all\" \/>\n<link rel=\"stylesheet\" href=\"https:\/\/static.cogwork.net\/stylesheets\/KYFPKgYjF9DhBWcn358egeJX.css\" type=\"text\/css\" media=\"all\" \/>\n\n                <div class=\"cwGrid\">\n\n                    <div class=\"cwGridItem\"  style=\"background-image: url('https:\/\/static.cogwork.net\/files\/wnX50A7DK6tmwUebIcPrelT1.png');\">\n                        <div class=\"cwGridItemContent\">\n                            <div class=\"cwGridItemIcon\"><img decoding=\"async\" src=\"https:\/\/minaaktiviteter.se\/images\/pix.gif\" class=\"cwInfoBookingIcon\" alt=\"\"><\/div>\n                            <div class=\"cwGridItemFields\">\n                                <h4 class=\"cwGridIemTitle\">Matlagning Kulturkalas<\/h4>\n                                <div class=\"cwGridItemInfoButtonContainer\">\n                                    <div class=\"cwGridItemInfoContainer\">\n                                        <p class=\"cwGridItemInfo cwDate\">Su.&nbsp;7\/12&nbsp;12:00&nbsp;\u00e5r&nbsp;2025<\/p>\n                                    <\/div>\n                                    <div class=\"cwGridItemButtonContainer\"><a  href=\"https:\/\/minaaktiviteter.se\/outofafrica\/shop\/?event=247580&amp;info=0\" title=\"Direct registration until \" onclick=\"cwOpenNewShopWin('https:\/\/minaaktiviteter.se\/outofafrica\/shop\/?event=247580&info=0'); return false;\" class=\"cwButton cwRegButton\">Book<\/a>\n                                    <\/div>\n                                <\/div>\n                            <\/div>\n                        <\/div>\n                    <\/div>\n\n\n                    <div class=\"cwGridItem\"  style=\"background-image: url('https:\/\/static.cogwork.net\/files\/9IEftY3gntC2VlgxfRjSnPFk.jpg');\">\n                        <div class=\"cwGridItemContent\">\n                            <div class=\"cwGridItemIcon\"><img decoding=\"async\" src=\"https:\/\/minaaktiviteter.se\/images\/pix.gif\" class=\"cwInfoBookingIcon\" alt=\"\"><\/div>\n                            <div class=\"cwGridItemFields\">\n                                <h4 class=\"cwGridIemTitle\">Basketboll 3-6 \u00e5r<\/h4>\n                                <div class=\"cwGridItemInfoButtonContainer\">\n                                    <div class=\"cwGridItemInfoContainer\">\n                                        <p class=\"cwGridItemInfo cwDate\">R\u00f6rsj\u00f6skolan Zenith, Cesiusgatan 17.<\/p>\n                                    <\/div>\n                                    <div class=\"cwGridItemButtonContainer\"><a  href=\"https:\/\/minaaktiviteter.se\/outofafrica\/shop\/?event=273357&amp;info=0\" title=\"Direct registration until sun. 29\/11 \u00e5r 2026\" onclick=\"cwOpenNewShopWin('https:\/\/minaaktiviteter.se\/outofafrica\/shop\/?event=273357&info=0'); return false;\" class=\"cwButton cwRegButton\">Book<\/a>\n                                    <\/div>\n                                <\/div>\n                            <\/div>\n                        <\/div>\n                    <\/div>\n\n\n                    <div class=\"cwGridItem\"  style=\"background-image: url('https:\/\/static.cogwork.net\/files\/PaEMlk09eKPGRFK07IcR4eKb.jpg');\">\n                        <div class=\"cwGridItemContent\">\n                            <div class=\"cwGridItemIcon\"><img decoding=\"async\" src=\"https:\/\/minaaktiviteter.se\/images\/pix.gif\" class=\"cwInfoBookingIcon\" alt=\"\"><\/div>\n                            <div class=\"cwGridItemFields\">\n                                <h4 class=\"cwGridIemTitle\">Basketboll 7-14 \u00e5r<\/h4>\n                                <div class=\"cwGridItemInfoButtonContainer\">\n                                    <div class=\"cwGridItemInfoContainer\">\n                                        <p class=\"cwGridItemInfo cwDate\">R\u00f6rsj\u00f6skolan Zenith, Cesiusgatan 17.<\/p>\n                                    <\/div>\n                                    <div class=\"cwGridItemButtonContainer\"><a  href=\"https:\/\/minaaktiviteter.se\/outofafrica\/shop\/?event=273481&amp;info=0\" title=\"Direct registration until sun. 29\/11 \u00e5r 2026\" onclick=\"cwOpenNewShopWin('https:\/\/minaaktiviteter.se\/outofafrica\/shop\/?event=273481&info=0'); return false;\" class=\"cwButton cwRegButton\">Book<\/a>\n                                    <\/div>\n                                <\/div>\n                            <\/div>\n                        <\/div>\n                    <\/div>\n\n\n                    <div class=\"cwGridItem\"  style=\"background-image: url('https:\/\/static.cogwork.net\/files\/zfpI61TVuVxhQFmgu8FVades.jpg');\">\n                        <div class=\"cwGridItemContent\">\n                            <div class=\"cwGridItemIcon\"><img decoding=\"async\" src=\"https:\/\/minaaktiviteter.se\/images\/pix.gif\" class=\"cwInfoBookingIcon\" alt=\"\"><\/div>\n                            <div class=\"cwGridItemFields\">\n                                <h4 class=\"cwGridIemTitle\">Afro Step Dans<\/h4>\n                                <div class=\"cwGridItemInfoButtonContainer\">\n                                    <div class=\"cwGridItemInfoContainer\">\n                                        <p class=\"cwGridItemInfo cwDate\">Sa.&nbsp;24\/1&nbsp;15:30<\/p>\n                                        <p class=\"cwGridItemInfo cwPlace\">Plats: Kirsebergs fritids- och kulturhus<\/p>\n                                    <\/div>\n                                    <div class=\"cwGridItemButtonContainer\"><a  href=\"https:\/\/minaaktiviteter.se\/outofafrica\/shop\/?event=248432&amp;info=0\" title=\"Direct registration until \" onclick=\"cwOpenNewShopWin('https:\/\/minaaktiviteter.se\/outofafrica\/shop\/?event=248432&info=0'); return false;\" class=\"cwButton cwRegButton\">Book<\/a>\n                                    <\/div>\n                                <\/div>\n                            <\/div>\n                        <\/div>\n                    <\/div>\n\n\n                    <div class=\"cwGridItem\"  style=\"background-image: url('https:\/\/static.cogwork.net\/files\/q2knVzKwN7eNsdUZZXdZAddv.jpg');\">\n                        <div class=\"cwGridItemContent\">\n                            <div class=\"cwGridItemIcon\"><img decoding=\"async\" src=\"https:\/\/minaaktiviteter.se\/images\/pix.gif\" class=\"cwInfoBookingIcon\" alt=\"\"><\/div>\n                            <div class=\"cwGridItemFields\">\n                                <h4 class=\"cwGridIemTitle\">Wolof spr\u00e5kkurs nyb\u00f6rjare<\/h4>\n                                <div class=\"cwGridItemInfoButtonContainer\">\n                                    <div class=\"cwGridItemInfoContainer\">\n                                        <p class=\"cwGridItemInfo cwDate\">Online<\/p>\n                                    <\/div>\n                                    <div class=\"cwGridItemButtonContainer\"><a  href=\"https:\/\/minaaktiviteter.se\/outofafrica\/shop\/?event=273482&amp;info=0\" title=\"Direct registration until sun. 29\/11 \u00e5r 2026\" onclick=\"cwOpenNewShopWin('https:\/\/minaaktiviteter.se\/outofafrica\/shop\/?event=273482&info=0'); return false;\" class=\"cwButton cwRegButton\">Book<\/a>\n                                    <\/div>\n                                <\/div>\n                            <\/div>\n                        <\/div>\n                    <\/div>\n\n\n                    <div class=\"cwGridItem\"  style=\"background-image: url('https:\/\/static.cogwork.net\/files\/WaL92bK15JmKlWLWzmkRDsXN.jpg');\">\n                        <div class=\"cwGridItemContent\">\n                            <div class=\"cwGridItemIcon\"><img decoding=\"async\" src=\"https:\/\/minaaktiviteter.se\/images\/pix.gif\" class=\"cwInfoBookingIcon\" alt=\"\"><\/div>\n                            <div class=\"cwGridItemFields\">\n                                <h4 class=\"cwGridIemTitle\">Wolof Spr\u00e5kkurs Forts\u00e4ttning.<\/h4>\n                                <div class=\"cwGridItemInfoButtonContainer\">\n                                    <div class=\"cwGridItemInfoContainer\">\n                                        <p class=\"cwGridItemInfo cwDate\">Online<\/p>\n                                    <\/div>\n                                    <div class=\"cwGridItemButtonContainer\"><a  href=\"https:\/\/minaaktiviteter.se\/outofafrica\/shop\/?event=273598&amp;info=0\" title=\"Direct registration until sun. 29\/11 \u00e5r 2026\" onclick=\"cwOpenNewShopWin('https:\/\/minaaktiviteter.se\/outofafrica\/shop\/?event=273598&info=0'); return false;\" class=\"cwButton cwRegButton\">Book<\/a>\n                                    <\/div>\n                                <\/div>\n                            <\/div>\n                        <\/div>\n                    <\/div>\n\n\n                    <div class=\"cwGridItem\"  style=\"background-image: url('https:\/\/static.cogwork.net\/files\/UCndsHan9IuKgnTjv1DAg1J9.jpg');\">\n                        <div class=\"cwGridItemContent\">\n                            <div class=\"cwGridItemIcon\"><img decoding=\"async\" src=\"https:\/\/minaaktiviteter.se\/images\/pix.gif\" class=\"cwInfoBookingIcon\" alt=\"\"><\/div>\n                            <div class=\"cwGridItemFields\">\n                                <h4 class=\"cwGridIemTitle\">Mandinka<\/h4>\n                                <div class=\"cwGridItemInfoButtonContainer\">\n                                    <div class=\"cwGridItemInfoContainer\">\n                                        <p class=\"cwGridItemInfo cwDate\">Online<\/p>\n                                    <\/div>\n                                    <div class=\"cwGridItemButtonContainer\"><a  href=\"https:\/\/minaaktiviteter.se\/outofafrica\/shop\/?event=273484&amp;info=0\" title=\"Direct registration until sun. 29\/11 \u00e5r 2026\" onclick=\"cwOpenNewShopWin('https:\/\/minaaktiviteter.se\/outofafrica\/shop\/?event=273484&info=0'); return false;\" class=\"cwButton cwRegButton\">Book<\/a>\n                                    <\/div>\n                                <\/div>\n                            <\/div>\n                        <\/div>\n                    <\/div>\n\n\n                    <div class=\"cwGridItem\"  style=\"background-image: url('https:\/\/static.cogwork.net\/files\/bxln4S2K2MVi0VFIFMKdzWP6.png');\">\n                        <div class=\"cwGridItemContent\">\n                            <div class=\"cwGridItemIcon\"><img decoding=\"async\" src=\"https:\/\/minaaktiviteter.se\/images\/pix.gif\" class=\"cwInfoBookingIcon\" alt=\"\"><\/div>\n                            <div class=\"cwGridItemFields\">\n                                <h4 class=\"cwGridIemTitle\">L\u00e4xhj\u00e4lp &amp; Spr\u00e5kcaf\u00e9<\/h4>\n                                <div class=\"cwGridItemInfoButtonContainer\">\n                                    <div class=\"cwGridItemInfoContainer\">\n                                        <p class=\"cwGridItemInfo cwDate\">Su.&nbsp;22\/2&nbsp;12:00<\/p>\n                                    <\/div>\n                                    <div class=\"cwGridItemButtonContainer\"><a  href=\"https:\/\/minaaktiviteter.se\/outofafrica\/shop\/?event=275501&amp;info=0\" title=\"Direct registration until sun. 29\/11 \u00e5r 2026\" onclick=\"cwOpenNewShopWin('https:\/\/minaaktiviteter.se\/outofafrica\/shop\/?event=275501&info=0'); return false;\" class=\"cwButton cwRegButton\">Book<\/a>\n                                    <\/div>\n                                <\/div>\n                            <\/div>\n                        <\/div>\n                    <\/div>\n\n                <\/div>\n<script type=\"text\/javascript\" src=\"https:\/\/minaaktiviteter.se\/files\/1367\/js\/lib.js\"><\/script><\/div>\n\t\t\t\t\t\t<\/div>\n\t\t\t\t<\/div>\n\t\t\t\t\t<\/div>\n\t\t\t\t<\/div>\n\t\t\t\t<\/div>\n\t\t","protected":false},"excerpt":{"rendered":"","protected":false},"author":2,"featured_media":0,"parent":0,"menu_order":0,"comment_status":"closed","ping_status":"closed","template":"","meta":{"_angie_page":false,"_surecart_dashboard_logo_width":"180px","_surecart_dashboard_show_logo":true,"_surecart_dashboard_navigation_orders":true,"_surecart_dashboard_navigation_invoices":true,"_surecart_dashboard_navigation_subscriptions":true,"_surecart_dashboard_navigation_downloads":true,"_surecart_dashboard_navigation_billing":true,"_surecart_dashboard_navigation_account":true,"_uag_custom_page_level_css":"","site-sidebar-layout":"no-sidebar","site-content-layout":"page-builder","ast-site-content-layout":"full-width-container","site-content-style":"default","site-sidebar-style":"default","ast-global-header-display":"","ast-banner-title-visibility":"","ast-main-header-display":"","ast-hfb-above-header-display":"","ast-hfb-below-header-display":"","ast-hfb-mobile-header-display":"","site-post-title":"","ast-breadcrumbs-content":"","ast-featured-img":"disabled","footer-sml-layout":"","ast-disable-related-posts":"","theme-transparent-header-meta":"","adv-header-id-meta":"","stick-header-meta":"","header-above-stick-meta":"","header-main-stick-meta":"","header-below-stick-meta":"","astra-migrate-meta-layouts":"set","ast-page-background-enabled":"default","ast-page-background-meta":{"desktop":{"background-color":"","background-image":"","background-repeat":"repeat","background-position":"center center","background-size":"auto","background-attachment":"scroll","background-type":"","background-media":"","overlay-type":"","overlay-color":"","overlay-opacity":"","overlay-gradient":""},"tablet":{"background-color":"","background-image":"","background-repeat":"repeat","background-position":"center center","background-size":"auto","background-attachment":"scroll","background-type":"","background-media":"","overlay-type":"","overlay-color":"","overlay-opacity":"","overlay-gradient":""},"mobile":{"background-color":"","background-image":"","background-repeat":"repeat","background-position":"center center","background-size":"auto","background-attachment":"scroll","background-type":"","background-media":"","overlay-type":"","overlay-color":"","overlay-opacity":"","overlay-gradient":""}},"ast-content-background-meta":{"desktop":{"background-color":"var(--ast-global-color-5)","background-image":"","background-repeat":"repeat","background-position":"center center","background-size":"auto","background-attachment":"scroll","background-type":"","background-media":"","overlay-type":"","overlay-color":"","overlay-opacity":"","overlay-gradient":""},"tablet":{"background-color":"var(--ast-global-color-5)","background-image":"","background-repeat":"repeat","background-position":"center center","background-size":"auto","background-attachment":"scroll","background-type":"","background-media":"","overlay-type":"","overlay-color":"","overlay-opacity":"","overlay-gradient":""},"mobile":{"background-color":"var(--ast-global-color-5)","background-image":"","background-repeat":"repeat","background-position":"center center","background-size":"auto","background-attachment":"scroll","background-type":"","background-media":"","overlay-type":"","overlay-color":"","overlay-opacity":"","overlay-gradient":""}},"_price":"","_stock":"","_tribe_ticket_header":"","_tribe_default_ticket_provider":"","_tribe_ticket_capacity":"0","_ticket_start_date":"","_ticket_end_date":"","_tribe_ticket_show_description":"","_tribe_ticket_show_not_going":false,"_tribe_ticket_use_global_stock":"","_tribe_ticket_global_stock_level":"","_global_stock_mode":"","_global_stock_cap":"","_tribe_rsvp_for_event":"","_tribe_ticket_going_count":"","_tribe_ticket_not_going_count":"","_tribe_tickets_list":"[]","_tribe_ticket_has_attendee_info_fields":false,"footnotes":"","_tec_slr_enabled":"","_tec_slr_layout":""},"class_list":["post-991","page","type-page","status-publish","hentry"],"yoast_head":"<!-- This site is optimized with the Yoast SEO plugin v27.4 - https:\/\/yoast.com\/product\/yoast-seo-wordpress\/ -->\n<title>Our Activities - Out Of Africa Sweden<\/title>\n<meta name=\"robots\" content=\"index, follow, max-snippet:-1, max-image-preview:large, max-video-preview:-1\" \/>\n<link rel=\"canonical\" href=\"https:\/\/outofafricasweden.org\/en\/our-activities\/\" \/>\n<meta property=\"og:locale\" content=\"en_US\" \/>\n<meta property=\"og:type\" content=\"article\" \/>\n<meta property=\"og:title\" content=\"Our Activities - Out Of Africa Sweden\" \/>\n<meta property=\"og:url\" content=\"https:\/\/outofafricasweden.org\/en\/our-activities\/\" \/>\n<meta property=\"og:site_name\" content=\"Out Of Africa Sweden\" \/>\n<meta property=\"article:modified_time\" content=\"2026-03-03T13:01:58+00:00\" \/>\n<meta name=\"twitter:card\" content=\"summary_large_image\" \/>\n<script type=\"application\/ld+json\" class=\"yoast-schema-graph\">{\"@context\":\"https:\\\/\\\/schema.org\",\"@graph\":[{\"@type\":\"WebPage\",\"@id\":\"https:\\\/\\\/outofafricasweden.org\\\/our-activities\\\/\",\"url\":\"https:\\\/\\\/outofafricasweden.org\\\/our-activities\\\/\",\"name\":\"Our Activities - Out Of Africa Sweden\",\"isPartOf\":{\"@id\":\"https:\\\/\\\/outofafricasweden.org\\\/#website\"},\"datePublished\":\"2023-11-28T20:00:52+00:00\",\"dateModified\":\"2026-03-03T13:01:58+00:00\",\"breadcrumb\":{\"@id\":\"https:\\\/\\\/outofafricasweden.org\\\/our-activities\\\/#breadcrumb\"},\"inLanguage\":\"en-US\",\"potentialAction\":[{\"@type\":\"ReadAction\",\"target\":[\"https:\\\/\\\/outofafricasweden.org\\\/our-activities\\\/\"]}]},{\"@type\":\"BreadcrumbList\",\"@id\":\"https:\\\/\\\/outofafricasweden.org\\\/our-activities\\\/#breadcrumb\",\"itemListElement\":[{\"@type\":\"ListItem\",\"position\":1,\"name\":\"Home\",\"item\":\"https:\\\/\\\/outofafricasweden.org\\\/\"},{\"@type\":\"ListItem\",\"position\":2,\"name\":\"Our Activities\"}]},{\"@type\":\"WebSite\",\"@id\":\"https:\\\/\\\/outofafricasweden.org\\\/#website\",\"url\":\"https:\\\/\\\/outofafricasweden.org\\\/\",\"name\":\"Out Of Africa Sweden\",\"description\":\"Out Of Africa\",\"publisher\":{\"@id\":\"https:\\\/\\\/outofafricasweden.org\\\/#organization\"},\"potentialAction\":[{\"@type\":\"SearchAction\",\"target\":{\"@type\":\"EntryPoint\",\"urlTemplate\":\"https:\\\/\\\/outofafricasweden.org\\\/?s={search_term_string}\"},\"query-input\":{\"@type\":\"PropertyValueSpecification\",\"valueRequired\":true,\"valueName\":\"search_term_string\"}}],\"inLanguage\":\"en-US\"},{\"@type\":\"Organization\",\"@id\":\"https:\\\/\\\/outofafricasweden.org\\\/#organization\",\"name\":\"Out Of Africa Sweden\",\"url\":\"https:\\\/\\\/outofafricasweden.org\\\/\",\"logo\":{\"@type\":\"ImageObject\",\"inLanguage\":\"en-US\",\"@id\":\"https:\\\/\\\/outofafricasweden.org\\\/#\\\/schema\\\/logo\\\/image\\\/\",\"url\":\"https:\\\/\\\/outofafricasweden.org\\\/wp-content\\\/uploads\\\/2025\\\/03\\\/Page-1.png\",\"contentUrl\":\"https:\\\/\\\/outofafricasweden.org\\\/wp-content\\\/uploads\\\/2025\\\/03\\\/Page-1.png\",\"width\":1341,\"height\":1152,\"caption\":\"Out Of Africa Sweden\"},\"image\":{\"@id\":\"https:\\\/\\\/outofafricasweden.org\\\/#\\\/schema\\\/logo\\\/image\\\/\"}}]}<\/script>\n<!-- \/ Yoast SEO plugin. -->","yoast_head_json":{"title":"Our Activities - Out Of Africa Sweden","robots":{"index":"index","follow":"follow","max-snippet":"max-snippet:-1","max-image-preview":"max-image-preview:large","max-video-preview":"max-video-preview:-1"},"canonical":"https:\/\/outofafricasweden.org\/en\/our-activities\/","og_locale":"en_US","og_type":"article","og_title":"Our Activities - Out Of Africa Sweden","og_url":"https:\/\/outofafricasweden.org\/en\/our-activities\/","og_site_name":"Out Of Africa Sweden","article_modified_time":"2026-03-03T13:01:58+00:00","twitter_card":"summary_large_image","schema":{"@context":"https:\/\/schema.org","@graph":[{"@type":"WebPage","@id":"https:\/\/outofafricasweden.org\/our-activities\/","url":"https:\/\/outofafricasweden.org\/our-activities\/","name":"Our Activities - Out Of Africa Sweden","isPartOf":{"@id":"https:\/\/outofafricasweden.org\/#website"},"datePublished":"2023-11-28T20:00:52+00:00","dateModified":"2026-03-03T13:01:58+00:00","breadcrumb":{"@id":"https:\/\/outofafricasweden.org\/our-activities\/#breadcrumb"},"inLanguage":"en-US","potentialAction":[{"@type":"ReadAction","target":["https:\/\/outofafricasweden.org\/our-activities\/"]}]},{"@type":"BreadcrumbList","@id":"https:\/\/outofafricasweden.org\/our-activities\/#breadcrumb","itemListElement":[{"@type":"ListItem","position":1,"name":"Home","item":"https:\/\/outofafricasweden.org\/"},{"@type":"ListItem","position":2,"name":"Our Activities"}]},{"@type":"WebSite","@id":"https:\/\/outofafricasweden.org\/#website","url":"https:\/\/outofafricasweden.org\/","name":"Out Of Africa Sweden","description":"Out Of Africa","publisher":{"@id":"https:\/\/outofafricasweden.org\/#organization"},"potentialAction":[{"@type":"SearchAction","target":{"@type":"EntryPoint","urlTemplate":"https:\/\/outofafricasweden.org\/?s={search_term_string}"},"query-input":{"@type":"PropertyValueSpecification","valueRequired":true,"valueName":"search_term_string"}}],"inLanguage":"en-US"},{"@type":"Organization","@id":"https:\/\/outofafricasweden.org\/#organization","name":"Out Of Africa Sweden","url":"https:\/\/outofafricasweden.org\/","logo":{"@type":"ImageObject","inLanguage":"en-US","@id":"https:\/\/outofafricasweden.org\/#\/schema\/logo\/image\/","url":"https:\/\/outofafricasweden.org\/wp-content\/uploads\/2025\/03\/Page-1.png","contentUrl":"https:\/\/outofafricasweden.org\/wp-content\/uploads\/2025\/03\/Page-1.png","width":1341,"height":1152,"caption":"Out Of Africa Sweden"},"image":{"@id":"https:\/\/outofafricasweden.org\/#\/schema\/logo\/image\/"}}]}},"uagb_featured_image_src":{"full":false,"thumbnail":false,"medium":false,"medium_large":false,"large":false,"1536x1536":false,"2048x2048":false,"trp-custom-language-flag":false,"woocommerce_thumbnail":false,"woocommerce_single":false,"woocommerce_gallery_thumbnail":false},"uagb_author_info":{"display_name":"outofafricasweden","author_link":"https:\/\/outofafricasweden.org\/en\/author\/admin-2\/"},"uagb_comment_info":0,"uagb_excerpt":null,"rttpg_featured_image_url":null,"rttpg_author":{"display_name":"outofafricasweden","author_link":"https:\/\/outofafricasweden.org\/en\/author\/admin-2\/"},"rttpg_comment":0,"rttpg_category":null,"rttpg_excerpt":null,"ticketed":false,"_links":{"self":[{"href":"https:\/\/outofafricasweden.org\/en\/wp-json\/wp\/v2\/pages\/991","targetHints":{"allow":["GET"]}}],"collection":[{"href":"https:\/\/outofafricasweden.org\/en\/wp-json\/wp\/v2\/pages"}],"about":[{"href":"https:\/\/outofafricasweden.org\/en\/wp-json\/wp\/v2\/types\/page"}],"author":[{"embeddable":true,"href":"https:\/\/outofafricasweden.org\/en\/wp-json\/wp\/v2\/users\/2"}],"replies":[{"embeddable":true,"href":"https:\/\/outofafricasweden.org\/en\/wp-json\/wp\/v2\/comments?post=991"}],"version-history":[{"count":63,"href":"https:\/\/outofafricasweden.org\/en\/wp-json\/wp\/v2\/pages\/991\/revisions"}],"predecessor-version":[{"id":2747,"href":"https:\/\/outofafricasweden.org\/en\/wp-json\/wp\/v2\/pages\/991\/revisions\/2747"}],"wp:attachment":[{"href":"https:\/\/outofafricasweden.org\/en\/wp-json\/wp\/v2\/media?parent=991"}],"curies":[{"name":"wp","href":"https:\/\/api.w.org\/{rel}","templated":true}]}}